{"id":28,"date":"2020-01-15T09:44:58","date_gmt":"2020-01-15T12:44:58","guid":{"rendered":"https:\/\/marceloluisdahlem.com\/?page_id=28"},"modified":"2024-07-23T16:55:08","modified_gmt":"2024-07-23T19:55:08","slug":"sobre","status":"publish","type":"page","link":"https:\/\/marceloluisdahlem.com\/?page_id=28","title":{"rendered":"Sobre"},"content":{"rendered":"\n<div class=\"wp-block-media-text alignwide is-stacked-on-mobile\"><figure class=\"wp-block-media-text__media\"><img loading=\"lazy\" decoding=\"async\" width=\"655\" height=\"1024\" src=\"https:\/\/marceloluisdahlem.com\/wp-content\/uploads\/2020\/06\/foto-mld-sobre-655x1024.jpg\" alt=\"Marcelo Luis Dahlem\" class=\"wp-image-176 size-full\" srcset=\"https:\/\/marceloluisdahlem.com\/wp-content\/uploads\/2020\/06\/foto-mld-sobre-655x1024.jpg 655w, https:\/\/marceloluisdahlem.com\/wp-content\/uploads\/2020\/06\/foto-mld-sobre-192x300.jpg 192w, https:\/\/marceloluisdahlem.com\/wp-content\/uploads\/2020\/06\/foto-mld-sobre-768x1200.jpg 768w, https:\/\/marceloluisdahlem.com\/wp-content\/uploads\/2020\/06\/foto-mld-sobre-983x1536.jpg 983w, https:\/\/marceloluisdahlem.com\/wp-content\/uploads\/2020\/06\/foto-mld-sobre-691x1080.jpg 691w, https:\/\/marceloluisdahlem.com\/wp-content\/uploads\/2020\/06\/foto-mld-sobre.jpg 1024w\" sizes=\"auto, (max-width: 655px) 100vw, 655px\" \/><\/figure><div class=\"wp-block-media-text__content\">\n<h4 class=\"wp-block-heading\">Formado em Ci\u00eancias Cont\u00e1beis pela Universidade Federal do Rio Grande do Sul em 1996 e com MBA em Gest\u00e3o Financeira e Controladoria pela FGV em 2008.<\/h4>\n\n\n\n<h4 class=\"wp-block-heading\">Possui cursos de extens\u00e3o em Direito Tribut\u00e1rio, Gest\u00e3o de Projetos e de Lideran\u00e7a de Times.<\/h4>\n\n\n\n<h4 class=\"wp-block-heading\">Como executivo trabalhou por 23 anos no Grupo Gerdau onde atuou em diversas \u00e1reas como Gest\u00e3o de Tributos Indiretos, Log\u00edstica, Planejamento Estrat\u00e9gico e Global Shared Services. Possui mais de 8 anos de experi\u00eancia como consultor empresarial de resultados em projetos de Planejamento Estrat\u00e9gico, Redesenho de Processos,  Gest\u00e3o Estrat\u00e9gica, Gest\u00e3o por Resultados, Redu\u00e7\u00e3o de Custos, Gest\u00e3o Or\u00e7ament\u00e1ria e Controladoria e Planejamento Tribut\u00e1rio. <\/h4>\n\n\n\n<h4 class=\"wp-block-heading\">Como executivo j\u00e1 foi respons\u00e1vel pelo time de implanta\u00e7\u00e3o de diversos projetos de melhorias e automa\u00e7\u00e3o, atuou como Gerente de Projetos pela \u00e1rea tribut\u00e1ria do projeto Gerdau Template, implanta\u00e7\u00e3o da vers\u00e3o \u00fanica do SAP a n\u00edvel global nas empresas do Grupo.<\/h4>\n\n\n\n<h4 class=\"wp-block-heading\">Foi um dos executivos que participou do desenho e da implementa\u00e7\u00e3o do Centro de Servi\u00e7os Compartilhados da Gerdau, projeto iniciado em 2006, tendo liderado, ap\u00f3s implementa\u00e7\u00e3o, o time de tributos indiretos, central de processamento fiscal e a \u00e1rea de cadastros globais.<\/h4>\n\n\n\n<h4 class=\"wp-block-heading\">Como S\u00f3cio Fundador da <a href=\"http:\/\/www.dr7consultores.com\">DR7 Consultores Associados<\/a>, vem, juntamente com seus s\u00f3cios e parceiros, ajudando empresas de todos os portes a implementar e executar suas estrat\u00e9gias de crescimento com sustentabilidade econ\u00f4mica e financeira e a implementar as melhores ferramentas de gest\u00e3o.<\/h4>\n\n\n\n<p><a href=\"https:\/\/drive.google.com\/file\/d\/1OFtMn1jiMHLzJeH5XN-cVcr3nICflEjB\/view?usp=sharing\">Baixe aqui a minha apresenta\u00e7\u00e3o pessoal.<\/a><\/p>\n\n\n\n<p><\/p>\n\n\n\n<p><\/p>\n<\/div><\/div>\n","protected":false},"excerpt":{"rendered":"<p>Formado em Ci\u00eancias Cont\u00e1beis pela Universidade Federal do Rio Grande do Sul em 1996 e com MBA em Gest\u00e3o Financeira e Controladoria pela FGV em 2008. Possui cursos de extens\u00e3o em Direito Tribut\u00e1rio, Gest\u00e3o de Projetos e de Lideran\u00e7a de Times. Como executivo trabalhou por 23 anos no Grupo Gerdau onde atuou em diversas \u00e1reas&hellip; <br \/> <a class=\"read-more\" href=\"https:\/\/marceloluisdahlem.com\/?page_id=28\">Leia mais<\/a><\/p>\n","protected":false},"author":3,"featured_media":0,"parent":0,"menu_order":0,"comment_status":"closed","ping_status":"closed","template":"","meta":{"footnotes":""},"class_list":["post-28","page","type-page","status-publish","hentry"],"jetpack_sharing_enabled":true,"_links":{"self":[{"href":"https:\/\/marceloluisdahlem.com\/index.php?rest_route=\/wp\/v2\/pages\/28","targetHints":{"allow":["GET"]}}],"collection":[{"href":"https:\/\/marceloluisdahlem.com\/index.php?rest_route=\/wp\/v2\/pages"}],"about":[{"href":"https:\/\/marceloluisdahlem.com\/index.php?rest_route=\/wp\/v2\/types\/page"}],"author":[{"embeddable":true,"href":"https:\/\/marceloluisdahlem.com\/index.php?rest_route=\/wp\/v2\/users\/3"}],"replies":[{"embeddable":true,"href":"https:\/\/marceloluisdahlem.com\/index.php?rest_route=%2Fwp%2Fv2%2Fcomments&post=28"}],"version-history":[{"count":10,"href":"https:\/\/marceloluisdahlem.com\/index.php?rest_route=\/wp\/v2\/pages\/28\/revisions"}],"predecessor-version":[{"id":251,"href":"https:\/\/marceloluisdahlem.com\/index.php?rest_route=\/wp\/v2\/pages\/28\/revisions\/251"}],"wp:attachment":[{"href":"https:\/\/marceloluisdahlem.com\/index.php?rest_route=%2Fwp%2Fv2%2Fmedia&parent=28"}],"curies":[{"name":"wp","href":"https:\/\/api.w.org\/{rel}","templated":true}]}}