{"id":114,"date":"2020-01-27T11:33:40","date_gmt":"2020-01-27T14:33:40","guid":{"rendered":"https:\/\/marceloluisdahlem.com\/?page_id=114"},"modified":"2024-07-23T16:45:54","modified_gmt":"2024-07-23T19:45:54","slug":"mesmerize","status":"publish","type":"page","link":"https:\/\/marceloluisdahlem.com\/","title":{"rendered":"Front Page"},"content":{"rendered":"<div  id=\"competencias\" style=\"background-color: #ffffff;\" data-label=\"Competencias\" data-id=\"features-ov-4-mc\" data-export-id=\"features-ov-4-mc\" data-category=\"features\" class=\"features-ov-4-mc content-section content-section-spacing\"><div  class=\"gridContainer\"> <div  data-type=\"row\" class=\"row spaced-cols text-center\"><div  class=\"col-xs-12 col-sm-4 col-padding\"> <i  class=\"fa icon fa-clone large shadow-large-black round aligncenter reverse color1\"><\/i> <div  data-type=\"column\" class=\"\"> <h5  class=\"font-400\">ESTRAT\u00c9GIA E EXECU\u00c7\u00c3O<\/h5> <p  class=\"\">Todo neg\u00f3cio que queira alcan\u00e7ar sucesso, crescimento e rentabilidade necessita de uma estrat\u00e9gia de neg\u00f3cios bem elaborada e execu\u00e7\u00e3o das a\u00e7\u00f5es com efic\u00e1cia e efetividade.<\/p><\/div> <\/div> <div  class=\"col-xs-12 col-sm-4 col-padding\"> <i  class=\"fa icon fa-cogs large shadow-large-black round aligncenter reverse color2\"><\/i> <div  data-type=\"column\" class=\"\"><h5  class=\"font-400\">CAPACIDADE ANAL\u00cdTICA<\/h5> <p  class=\"\">Com uma gama cada vez mais ampla de dados, \u00e9 necess\u00e1rio que sua empresa e colaboradores possuam a habilidade de produzir informa\u00e7\u00f5es e conhecimento a partir da an\u00e1lise destes dados.<\/p><\/div> <\/div> <div  class=\"col-xs-12 col-sm-4 col-padding\"> <i  class=\"fa icon fa-magic large shadow-large-black round aligncenter reverse color4\"><\/i> <div  data-type=\"column\" class=\"\"><h5  class=\"font-400\">VIS\u00c3O DE RESULTADOS<\/h5> <p  class=\"\">Os principais l\u00edderes do mundo dos neg\u00f3cios possuem esta valorizada compet\u00eancia. Avaliar a estrat\u00e9gia, a opera\u00e7\u00e3o, o comercial e as pessoas com uma vis\u00e3o de resultados \u00e9 fundamental.<\/p><\/div> <\/div><\/div> <\/div><\/div><div  id=\"sobre\" style=\"background-color: #f5fafd;\" data-label=\"Sobre\" data-id=\"about-images-right-section-mc\" data-export-id=\"about-images-right-section-mc\" data-bullets-visibility=\"true\" data-category=\"about\" class=\"about-images-right-section-mc content-section content-section-spacing\"><div  class=\"gridContainer\"> <div  class=\"row middle-sm text-center\"><div  class=\"col-sm-5 content-left-sm\" data-type=\"column\"> <h5  class=\"\">QUEM SOU<\/h5> <h2  class=\"\">Ap\u00f3s muitos anos como executivo, hoje atuo como&nbsp;<span  style=\"font-family: Playfair Display,sans-serif; font-weight: 700; font-style: italic;\" href=\"#\">Consultor de Resultados<\/span>&nbsp;e irei ajudar o seu neg\u00f3cio a crescer!<\/h2> <p  class=\"\">Como executivo trabalhou por 23 anos no Grupo Gerdau, passando por diversas \u00e1reas dentro da empresa tais como: Gest\u00e3o de Tributos, Log\u00edstica, Planejamento Estrat\u00e9gico e Centro de Servi\u00e7os Compartilhados. Como consultor, iniciou sua experi\u00eancia em 2016 e possui experi\u00eancia em diversas empresas de v\u00e1rios segmentos, trazendo solu\u00e7\u00f5es de redu\u00e7\u00e3o de custos e de gest\u00e3o estrat\u00e9gica e de resultados.<\/p> <a class=\"button color1\" href=\"https:\/\/marceloluisdahlem.com?page_id=28\" target=\"_self\" data-cp-link=\"1\" rel=\"noopener noreferrer\">SAIBA MAIS<\/a><\/div> <div  class=\"col-sm-7 space-bottom-xs\"><div  class=\"image-group-side-3-img\"> <img decoding=\"async\"  class=\"topimg shadow-large\" src=\"https:\/\/marceloluisdahlem.com\/wp-content\/uploads\/2020\/01\/cropped-nobre1-1.jpg\" alt=\"\" title=\"cropped-nobre1-1.jpg\"> <img decoding=\"async\"  class=\"rightimg shadow-large\" src=\"https:\/\/marceloluisdahlem.com\/wp-content\/uploads\/2020\/05\/cropped-nobre4.jpg\" alt=\"\" title=\"cropped-nobre4.jpg\"> <div  class=\"leftimg\"> <img decoding=\"async\"  class=\"shadow-large\" src=\"https:\/\/marceloluisdahlem.com\/wp-content\/uploads\/2020\/06\/cropped-foto-mld-capa.jpg\" alt=\"\" title=\"cropped-foto-mld-capa.jpg\"><\/div> <\/div><\/div> <\/div><\/div> <\/div><div  id=\"produtos\" style=\"background-color: #ffffff;\" data-label=\"Produtos\" data-id=\"features-16-card-bordered-mc\" data-export-id=\"features-16-card-bordered-mc\" data-bullets-visibility=\"true\" data-category=\"features\" class=\"features-16-card-bordered-mc content-section content-section-spacing\"><div  class=\"gridContainer\"> <div  class=\"row text-center\"><div  class=\"section-title-col\" data-type=\"column\"> <h5  class=\"\">O QUE OFERE\u00c7O<\/h5> <h2  class=\"\">Solu\u00e7\u00f5es de resultados<\/h2> <p  class=\"lead\">Como a sua empresa pode organizar seus processos de opera\u00e7\u00e3o e suporte a opera\u00e7\u00e3o, buscando crescimento com rentabilidade.\n<br >Ofere\u00e7o um diagn\u00f3stico gratuito, quantitativo e qualitativo, onde ser\u00e3o apontadas os riscos atuais do seu neg\u00f3cio e as oportunidades para buscar um crescimento econ\u00f4mico e financeiro sustent\u00e1vel.<\/p><\/div> <\/div> <div  class=\"row spaced-cols\" data-type=\"row\"> <div  class=\"col-xs-12 col-sm-6 col-md-4\"> <div  class=\"card no-padding bordered y-move\"> <img decoding=\"async\"  class=\"face\" src=\"https:\/\/marceloluisdahlem.com\/wp-content\/uploads\/2020\/01\/cropped-ferramenta-diagnostico.jpeg\" alt=\"\" title=\"cropped-ferramenta-diagnostico.jpeg\"> <div  data-type=\"column\" class=\"col-padding-small col-padding-small-xs description-container\"> <h4  class=\"font-500\">Consultoria de Resultados<\/h4> <p  class=\"\">Sua empresa est\u00e1 com dificuldades financeiras? Suas vendas est\u00e3o em queda ou est\u00e3o com baixa lucratividade? Como est\u00e1 o moral da equipe? Os processos est\u00e3o funcionando e sendo produtivos? Quais ferramentas de gest\u00e3o sua empresa utiliza?\n<br ><\/p><\/div> <div  data-type=\"column\" class=\"col-padding-small col-padding-small-xs read-more-container\"><a class=\"read-more\" href=\"https:\/\/marceloluisdahlem.com?page_id=29\" target=\"_self\" data-cp-link=\"1\" rel=\"noopener noreferrer\">Saiba mais<\/a><\/div> <\/div><\/div> <div  class=\"col-xs-12 col-sm-6 col-md-4\"><div  class=\"card no-padding bordered y-move\"> <img decoding=\"async\"  class=\"face\" src=\"https:\/\/marceloluisdahlem.com\/wp-content\/uploads\/2020\/05\/cropped-COMPLIANCE.jpg\" alt=\"\" title=\"cropped-COMPLIANCE.jpg\"> <div  data-type=\"column\" class=\"col-padding-small col-padding-small-xs description-container\"> <h4  class=\"font-500\">Governan\u00e7a e Compliance<\/h4> <p  class=\"\">Sua empresa \u00e9 familiar? Voc\u00eas possuem um acordo de s\u00f3cios efetivo e protetivo? Conhecem todos os riscos do neg\u00f3cio? Possuem problemas tribut\u00e1rios? As pol\u00edticas e diretrizes est\u00e3o bem definidas e comunicadas?\n<br ><\/p><\/div> <div  data-type=\"column\" class=\"col-padding-small col-padding-small-xs read-more-container\"><a class=\"read-more\" href=\"https:\/\/marceloluisdahlem.com?page_id=29\" target=\"_self\" data-cp-link=\"1\" rel=\"noopener noreferrer\">Saiba mais<\/a><\/div> <\/div><\/div> <div  class=\"col-xs-12 col-sm-6 col-md-4\"><div  class=\"card no-padding bordered y-move\"> <img decoding=\"async\"  class=\"face\" src=\"https:\/\/marceloluisdahlem.com\/wp-content\/uploads\/2020\/04\/cropped-meeting-2284501_1920.jpg\" alt=\"\" title=\"cropped-meeting-2284501_1920.jpg\"> <div  data-type=\"column\" class=\"col-padding-small col-padding-small-xs description-container\"> <h4  class=\"font-500\">Planejamento Estrat\u00e9gico<\/h4> <p  class=\"\">Sua empresa possui suas macro diretrizes bem definidas? Onde e como sua empresa estar\u00e1 em 5 ou 10 anos? Quais s\u00e3o as estrat\u00e9gias atuais para atingir os objetivos futuros? Quais s\u00e3o os projetos que devem ser priorizados? Sua equipe est\u00e1 alinhada aos objetivos da empresa?<\/p><\/div> <div  data-type=\"column\" class=\"col-padding-small col-padding-small-xs read-more-container\"><a class=\"read-more\" href=\"https:\/\/marceloluisdahlem.com?page_id=29\" target=\"_self\" data-cp-link=\"1\" rel=\"noopener noreferrer\">Saiba mais<\/a><\/div> <\/div><\/div> <div  class=\"col-xs-12 col-sm-6 col-md-4\"> <div  class=\"card no-padding bordered y-move\"> <img decoding=\"async\"  class=\"face\" src=\"https:\/\/marceloluisdahlem.com\/wp-content\/uploads\/2020\/06\/cropped-reducao-de-custos.jpg\" alt=\"\" title=\"cropped-reducao-de-custos.jpg\"> <div  data-type=\"column\" class=\"col-padding-small col-padding-small-xs description-container\"> <h4  class=\"font-500\">Gest\u00e3o Financeira<\/h4> <p  class=\"\">Possu\u00edmos expertise e excelentes ferramentas para trabalharmos sua gest\u00e3o financeira. \n<br >A expans\u00e3o cont\u00ednua \u00e9 essencial para o crescimento da sua empresa, mas \u00e9 importante manter um olhar atento nas finan\u00e7as e na lucratividade. Voc\u00ea analisa bem suas demonstra\u00e7\u00f5es financeiras?\n<br ><br ><\/p><\/div> <div  data-type=\"column\" class=\"col-padding-small col-padding-small-xs read-more-container\"><a class=\"read-more\" href=\"https:\/\/marceloluisdahlem.com?page_id=29\" target=\"_self\" data-cp-link=\"1\" rel=\"noopener noreferrer\">Saiba mais<\/a><\/div> <\/div><\/div><div  class=\"col-xs-12 col-sm-6 col-md-4\"> <div  class=\"card no-padding bordered y-move\"> <img decoding=\"async\"  class=\"face\" src=\"https:\/\/marceloluisdahlem.com\/wp-content\/uploads\/2020\/06\/cropped-processos.jpg\" alt=\"\" title=\"cropped-processos.jpg\"> <div  data-type=\"column\" class=\"col-padding-small col-padding-small-xs description-container\"> <h4  class=\"font-500\">Gest\u00e3o e Redesenho de Processos<\/h4> <p  class=\"\">Realizamos o redesenho dos seus processos buscando obter ganhos de produtividade, otimiza\u00e7\u00e3o de recursos, automa\u00e7\u00e3o de atividades e a garantia de efic\u00e1cia e redu\u00e7\u00e3o de riscos.\n<br >Voc\u00ea mede a produtividade dos seus processos? Utiliza as melhores ferramentas tecnol\u00f3gicas?\n<br ><\/p><\/div> <div  data-type=\"column\" class=\"col-padding-small col-padding-small-xs read-more-container\"><a class=\"read-more\" href=\"https:\/\/marceloluisdahlem.com?page_id=29\" target=\"_self\" data-cp-link=\"1\" rel=\"noopener noreferrer\">Saiba mais<\/a><\/div> <\/div><\/div><div  class=\"col-xs-12 col-sm-6 col-md-4\"> <div  class=\"card no-padding bordered y-move\"> <img decoding=\"async\"  class=\"face\" src=\"https:\/\/marceloluisdahlem.com\/wp-content\/uploads\/2020\/06\/cropped-centro-de-servi\u00e7o.jpg\" alt=\"\" title=\"cropped-centro-de-servi\u00e7o.jpg\"> <div  data-type=\"column\" class=\"col-padding-small col-padding-small-xs description-container\"> <h4  class=\"font-500\">Valuation de Empresas e Planos de Viabilidade<\/h4> <p  class=\"\">Voc\u00ea sabe quanto vale sua empresa? O que pode ser feito para aumentar o seu valor?\n<br >Voc\u00ea avalia seus projetos de investimentos? Possui uma metodologia adequada para escolha do portf\u00f3lio de investimentos?\n<br >Utilizo ferramentas consagradas para avalia\u00e7\u00e3o de empresas e an\u00e1lise de viabilidade de projetos de investimentos.<\/p><\/div> <div  data-type=\"column\" class=\"col-padding-small col-padding-small-xs read-more-container\"><a class=\"read-more\" href=\"https:\/\/marceloluisdahlem.com?page_id=29\" target=\"_self\" data-cp-link=\"1\" rel=\"noopener noreferrer\">Saiba mais<\/a><\/div> <\/div><\/div><\/div><\/div> <\/div><div  id=\"diagnostico\" style=\"background-color: #f5fafd;\" data-label=\"Diagnostico\" data-id=\"content-7-mc\" data-export-id=\"content-7-mc\" data-category=\"content\" class=\"content-7-mc content-section content-section-spacing\"><div  class=\"gridContainer\"> <div  class=\"row middle-sm\"><div  class=\"col-sm-6 space-bottom-xs\" data-type=\"column\"> <h2  class=\"\">Diagn\u00f3stico de Consultoria<\/h2> <p  class=\"\">Com um Acordo de Confidencialidade devidamente assinado, farei uma diagn\u00f3stico do seu neg\u00f3cio analisando dados econ\u00f4micos, financeiros e comerciais e irei entrevistar as principais lideran\u00e7as da sua empresa para poder gerar um relat\u00f3rio onde trarei para discuss\u00e3o e alinhamento os principais riscos do seu neg\u00f3cio e as oportunidades de melhorias onde poderemos trabalhar em um plano de consultoria.<\/p> <a class=\"button color1\" href=\"https:\/\/marceloluisdahlem.com?page_id=29\" target=\"_self\" data-cp-link=\"1\" rel=\"noopener noreferrer\">SAIBA MAIS<\/a><\/div> <div  class=\"col-sm-6\" data-type=\"column\"> <img decoding=\"async\"  class=\"shadow-large\" src=\"https:\/\/marceloluisdahlem.com\/wp-content\/uploads\/2020\/05\/cropped-diagn\u00f3stico.jpg\" alt=\"\" title=\"cropped-diagn\u00f3stico.jpg\"><\/div> <\/div><\/div> <\/div><div  id=\"parcerias\" style=\"background-color: #ffffff;\" data-label=\"Parcerias\" data-id=\"content-8-mc\" data-export-id=\"content-8-mc\" data-category=\"content\" class=\"content-8-mc content-section content-section-spacing\"><div  class=\"gridContainer\"> <div  class=\"row middle-sm\"><div  class=\"col-sm-6 space-bottom-xs space-top-xs\" data-type=\"column\"> <img decoding=\"async\"  class=\"shadow-large\" src=\"https:\/\/marceloluisdahlem.com\/wp-content\/uploads\/2020\/05\/cropped-parceiros.jpg\" alt=\"\" title=\"cropped-parceiros.jpg\"><\/div> <div  class=\"col-sm-6\" data-type=\"column\"><h2  class=\"\">Tenho parceiros especialistas em diversas \u00e1reas<\/h2> <p  class=\"\">Como s\u00f3cio fundador da DR7 Consultores e parceiro de neg\u00f3cios de outras consultorias, possuo uma excelente rede de especialistas, todos com muita viv\u00eancia executiva em grandes empresas e \/ ou excelentes carreiras consultivas nas mais diversas \u00e1reas de atua\u00e7\u00e3o.<\/p> <img decoding=\"async\"  class=\"custom-image\" src=\"https:\/\/marceloluisdahlem.com\/wp-content\/uploads\/2024\/07\/cropped-Logo-Quadrado-Pequeno-Branco.png\" title=\"cropped-Logo-Quadrado-Pequeno-Branco.png\" alt=\"\"><a class=\"button color1\" href=\"https:\/\/marceloluisdahlem.com?page_id=29\" target=\"_self\" data-cp-link=\"1\" rel=\"noopener noreferrer\">SAIBA MAIS<\/a><\/div> <\/div><\/div> <\/div><div  data-label=\"Clientes\" data-id=\"about--1\" data-export-id=\"about-9\" data-category=\"about\" class=\"about-9 content-section content-section-spacing\" id=\"clientes\" style=\"background-color: rgb(255, 255, 255);\"><div  class=\"gridContainer\"> <div  class=\"row middle-sm text-center\"><div  class=\"col-sm-5 space-bottom-xs content-column content-right-sm\" data-type=\"column\"> <h5  class=\"\">CLIENTES<\/h5> <h2  class=\"\">Alguns dos meus&nbsp;<br ><font  face=\"Playfair Display, sans-serif\"><b ><i >clientes&nbsp;<\/i><\/b><\/font>e experi\u00eancias<\/h2> <p  class=\"\">Um consultor vive dos seus bons resultados. Um tratamento profissional, transparente e \u00e9tico aliado \u00e0s habilidades e compet\u00eancias \u00e9 o que pode garantir um trabalho de qualidade.<\/p> <\/div> <div  class=\"col-sm-7 flexbox flexbox middle-xs center-xs space-bottom-xs\"><div  class=\"overlay-box flexbox middle-xs center-xs overlay-holder \"> <div  class=\"overlay-box-offset offset-background shadow-medium bg-color2 hide-xs\"><\/div> <img decoding=\"async\"  class=\"flexbox shadow-large img1\" src=\"https:\/\/marceloluisdahlem.com\/wp-content\/uploads\/2024\/07\/cropped-Clientes-MLD.png\" data-size=\"600x400\" alt=\"\" title=\"cropped-Clientes-MLD.png\"><\/div> <\/div><\/div> <\/div><\/div><div  id=\"ultimas-noticias\" style=\"background-color: #f5fafd;\" data-label=\"Ultimas noticias\" data-id=\"blog-section-mc\" data-export-id=\"blog-section-mc\" data-category=\"latest_news\" class=\"blog-section-mc blog-section-standard content-section content-section-spacing\"><div  class=\"gridContainer\"> <div  class=\"row\"><div  data-type=\"column\" class=\"section-title-col\">  <h2  class=\"\">\u00daltimos posts e not\u00edcias<\/h2> <\/div> <\/div> <div  class=\"row\"> <div  data-type=\"row\" data-dynamic-columns=\"handled\" data-content-shortcode=\"mesmerize_latest_news posts=&quot;3&quot;\">\t\t<div class=\"row center-sm content-left-sm\">\n\t\t\t\t\t<div id=\"post-225\" class=\"col-sm-6 col-md-4 space-bottom space-bottom-xs\">\n\t\t\t\t<div class=\"post-content card y-move bordered\">\n\t\t\t\t\t<div class=\"post-thumbnail\">\n   <a href=\"https:\/\/marceloluisdahlem.com\/?p=225\" class=\"post-list-item-thumb \">\n      <img loading=\"lazy\" decoding=\"async\" width=\"1024\" height=\"682\" src=\"https:\/\/marceloluisdahlem.com\/wp-content\/uploads\/2020\/09\/pexels-photo-316465-1024x682.jpeg\" class=\"attachment-post-thumbnail size-post-thumbnail wp-post-image\" alt=\"close up of hand over white background\" srcset=\"https:\/\/marceloluisdahlem.com\/wp-content\/uploads\/2020\/09\/pexels-photo-316465-1024x682.jpeg 1024w, https:\/\/marceloluisdahlem.com\/wp-content\/uploads\/2020\/09\/pexels-photo-316465-300x200.jpeg 300w, https:\/\/marceloluisdahlem.com\/wp-content\/uploads\/2020\/09\/pexels-photo-316465-768x512.jpeg 768w, https:\/\/marceloluisdahlem.com\/wp-content\/uploads\/2020\/09\/pexels-photo-316465-1536x1024.jpeg 1536w, https:\/\/marceloluisdahlem.com\/wp-content\/uploads\/2020\/09\/pexels-photo-316465-1620x1080.jpeg 1620w, https:\/\/marceloluisdahlem.com\/wp-content\/uploads\/2020\/09\/pexels-photo-316465.jpeg 1880w\" sizes=\"auto, (max-width: 1024px) 100vw, 1024px\" \/>   <\/a>\n<\/div>\n\t\t\t\t\t<div class=\"col-padding col-padding-xs\">\n\t\t\t\t\t\t<h3 class=\"post-title space-bottom-small\">\n\t\t\t\t\t\t\t<a href=\"https:\/\/marceloluisdahlem.com\/?p=225\" rel=\"bookmark\">\n\t\t\t\t\t\t\t\tAprendizagem continuada\t\t\t\t\t\t\t<\/a>\n\t\t\t\t\t\t<\/h3>\n\t\t\t\t\t\t<p>Nosso c\u00e9rebro n\u00e3o deve parar de aprender nunca! Finalizei um excelente curso na Udemy.com ministrado pela Geek University, Programa\u00e7\u00e3o em Python, do b\u00e1sico ao avan\u00e7ado. Linguagem de programa\u00e7\u00e3o leve, fluida[&hellip;]<\/p>\n\t\t\t\t\t\t<a class=\"read-more link\" href=\"https:\/\/marceloluisdahlem.com\/?p=225\">\n\t\t\t\t\t\t\tRead more\t\t\t\t\t\t<\/a>\n\t\t\t\t\t<\/div>\n\t\t\t\t<\/div>\n\t\t\t<\/div>\n\t\t\t\t\t\t<div id=\"post-216\" class=\"col-sm-6 col-md-4 space-bottom space-bottom-xs\">\n\t\t\t\t<div class=\"post-content card y-move bordered\">\n\t\t\t\t\t<div class=\"post-thumbnail\">\n   <a href=\"https:\/\/marceloluisdahlem.com\/?p=216\" class=\"post-list-item-thumb \">\n      <img loading=\"lazy\" decoding=\"async\" width=\"1000\" height=\"1000\" src=\"https:\/\/marceloluisdahlem.com\/wp-content\/uploads\/2020\/06\/Como-vender-mais-e-melhor-1.jpg\" class=\"attachment-post-thumbnail size-post-thumbnail wp-post-image\" alt=\"Gere melhores resultados!\" srcset=\"https:\/\/marceloluisdahlem.com\/wp-content\/uploads\/2020\/06\/Como-vender-mais-e-melhor-1.jpg 1000w, https:\/\/marceloluisdahlem.com\/wp-content\/uploads\/2020\/06\/Como-vender-mais-e-melhor-1-300x300.jpg 300w, https:\/\/marceloluisdahlem.com\/wp-content\/uploads\/2020\/06\/Como-vender-mais-e-melhor-1-150x150.jpg 150w, https:\/\/marceloluisdahlem.com\/wp-content\/uploads\/2020\/06\/Como-vender-mais-e-melhor-1-768x768.jpg 768w\" sizes=\"auto, (max-width: 1000px) 100vw, 1000px\" \/>   <\/a>\n<\/div>\n\t\t\t\t\t<div class=\"col-padding col-padding-xs\">\n\t\t\t\t\t\t<h3 class=\"post-title space-bottom-small\">\n\t\t\t\t\t\t\t<a href=\"https:\/\/marceloluisdahlem.com\/?p=216\" rel=\"bookmark\">\n\t\t\t\t\t\t\t\tVender mais, comprar melhor!\t\t\t\t\t\t\t<\/a>\n\t\t\t\t\t\t<\/h3>\n\t\t\t\t\t\t<p>Vender mais, comprar melhor! Criamos um programa de consultoria para ajudar a sua empresa a sair desta crise!<br \/>\nDiagn\u00f3stico gratuito conosco!<\/p>\n\t\t\t\t\t\t<a class=\"read-more link\" href=\"https:\/\/marceloluisdahlem.com\/?p=216\">\n\t\t\t\t\t\t\tRead more\t\t\t\t\t\t<\/a>\n\t\t\t\t\t<\/div>\n\t\t\t\t<\/div>\n\t\t\t<\/div>\n\t\t\t\t\t\t<div id=\"post-205\" class=\"col-sm-6 col-md-4 space-bottom space-bottom-xs\">\n\t\t\t\t<div class=\"post-content card y-move bordered\">\n\t\t\t\t\t<div class=\"post-thumbnail\">\n   <a href=\"https:\/\/marceloluisdahlem.com\/?p=205\" class=\"post-list-item-thumb \">\n      <img loading=\"lazy\" decoding=\"async\" width=\"1024\" height=\"1024\" src=\"https:\/\/marceloluisdahlem.com\/wp-content\/uploads\/2020\/06\/IMG_20200614_110115_209-1-1024x1024.jpg\" class=\"attachment-post-thumbnail size-post-thumbnail wp-post-image\" alt=\"\" srcset=\"https:\/\/marceloluisdahlem.com\/wp-content\/uploads\/2020\/06\/IMG_20200614_110115_209-1-1024x1024.jpg 1024w, https:\/\/marceloluisdahlem.com\/wp-content\/uploads\/2020\/06\/IMG_20200614_110115_209-1-300x300.jpg 300w, https:\/\/marceloluisdahlem.com\/wp-content\/uploads\/2020\/06\/IMG_20200614_110115_209-1-150x150.jpg 150w, https:\/\/marceloluisdahlem.com\/wp-content\/uploads\/2020\/06\/IMG_20200614_110115_209-1-768x768.jpg 768w, https:\/\/marceloluisdahlem.com\/wp-content\/uploads\/2020\/06\/IMG_20200614_110115_209-1-1536x1536.jpg 1536w, https:\/\/marceloluisdahlem.com\/wp-content\/uploads\/2020\/06\/IMG_20200614_110115_209-1-2048x2048.jpg 2048w, https:\/\/marceloluisdahlem.com\/wp-content\/uploads\/2020\/06\/IMG_20200614_110115_209-1-1080x1080.jpg 1080w\" sizes=\"auto, (max-width: 1024px) 100vw, 1024px\" \/>   <\/a>\n<\/div>\n\t\t\t\t\t<div class=\"col-padding col-padding-xs\">\n\t\t\t\t\t\t<h3 class=\"post-title space-bottom-small\">\n\t\t\t\t\t\t\t<a href=\"https:\/\/marceloluisdahlem.com\/?p=205\" rel=\"bookmark\">\n\t\t\t\t\t\t\t\tIntelig\u00eancia Empresarial\t\t\t\t\t\t\t<\/a>\n\t\t\t\t\t\t<\/h3>\n\t\t\t\t\t\t<p>Ter informa\u00e7\u00f5es relevantes, precisas e no tempo adequado \u00e9 extremamente importante para o seu neg\u00f3cio, principalmente em tempos de crise. N\u00f3s podemos ajudar na identifica\u00e7\u00e3o e organiza\u00e7\u00e3o das suas informa\u00e7\u00f5es![&hellip;]<\/p>\n\t\t\t\t\t\t<a class=\"read-more link\" href=\"https:\/\/marceloluisdahlem.com\/?p=205\">\n\t\t\t\t\t\t\tRead more\t\t\t\t\t\t<\/a>\n\t\t\t\t\t<\/div>\n\t\t\t\t<\/div>\n\t\t\t<\/div>\n\t\t\t\t<\/div>\n\t<\/div><\/div> <div  class=\"row\"><div  class=\"text-center\"> <a  class=\"button color1\" data-attr-shortcode=\"href:mesmerize_blog_link\" href=\"https:\/\/marceloluisdahlem.com\/?page_id=115\">VISITE O BLOG<\/a><\/div> <\/div><\/div><\/div>","protected":false},"excerpt":{"rendered":"<p>ESTRAT\u00c9GIA E EXECU\u00c7\u00c3O Todo neg\u00f3cio que queira alcan\u00e7ar sucesso, crescimento e rentabilidade necessita de uma estrat\u00e9gia de neg\u00f3cios bem elaborada e execu\u00e7\u00e3o das a\u00e7\u00f5es com efic\u00e1cia e efetividade. CAPACIDADE ANAL\u00cdTICA Com uma gama cada vez mais ampla de dados, \u00e9 necess\u00e1rio que sua empresa e colaboradores possuam a habilidade de produzir informa\u00e7\u00f5es e conhecimento a&hellip; <br \/> <a class=\"read-more\" href=\"https:\/\/marceloluisdahlem.com\/?p=205\">Leia mais<\/a><\/p>\n","protected":false},"author":3,"featured_media":0,"parent":0,"menu_order":0,"comment_status":"closed","ping_status":"closed","template":"page-templates\/homepage.php","meta":{"footnotes":""},"class_list":["post-114","page","type-page","status-publish","hentry"],"jetpack_sharing_enabled":true,"_links":{"self":[{"href":"https:\/\/marceloluisdahlem.com\/index.php?rest_route=\/wp\/v2\/pages\/114","targetHints":{"allow":["GET"]}}],"collection":[{"href":"https:\/\/marceloluisdahlem.com\/index.php?rest_route=\/wp\/v2\/pages"}],"about":[{"href":"https:\/\/marceloluisdahlem.com\/index.php?rest_route=\/wp\/v2\/types\/page"}],"author":[{"embeddable":true,"href":"https:\/\/marceloluisdahlem.com\/index.php?rest_route=\/wp\/v2\/users\/3"}],"replies":[{"embeddable":true,"href":"https:\/\/marceloluisdahlem.com\/index.php?rest_route=%2Fwp%2Fv2%2Fcomments&post=114"}],"version-history":[{"count":6,"href":"https:\/\/marceloluisdahlem.com\/index.php?rest_route=\/wp\/v2\/pages\/114\/revisions"}],"predecessor-version":[{"id":247,"href":"https:\/\/marceloluisdahlem.com\/index.php?rest_route=\/wp\/v2\/pages\/114\/revisions\/247"}],"wp:attachment":[{"href":"https:\/\/marceloluisdahlem.com\/index.php?rest_route=%2Fwp%2Fv2%2Fmedia&parent=114"}],"curies":[{"name":"wp","href":"https:\/\/api.w.org\/{rel}","templated":true}]}}